{"id":20,"date":"2020-01-01T21:10:04","date_gmt":"2020-01-01T20:10:04","guid":{"rendered":"http:\/\/prx.ovh\/?page_id=20"},"modified":"2020-01-01T22:55:19","modified_gmt":"2020-01-01T21:55:19","slug":"contact","status":"publish","type":"page","link":"https:\/\/prx.ovh\/index.php\/contact\/","title":{"rendered":"Contact"},"content":{"rendered":"\n<p>N\u2019h\u00e9sitez pas \u00e0 nous contacter pour tout question, r\u00e9gime alimentaire sp\u00e9cifique, suggestion d\u2019animations \ud83d\ude42<\/p>\n\n\n\n<p>vincent@asgs-fr.com \/ 0634595030<\/p>\n","protected":false},"excerpt":{"rendered":"<p>N\u2019h\u00e9sitez pas \u00e0 nous contacter pour tout question, r\u00e9gime alimentaire sp\u00e9cifique, suggestion d\u2019animations \ud83d\ude42 vincent@asgs-fr.com \/ 0634595030<\/p>\n","protected":false},"author":1,"featured_media":71,"parent":0,"menu_order":0,"comment_status":"closed","ping_status":"closed","template":"","meta":{"spay_email":"","footnotes":""},"class_list":["post-20","page","type-page","status-publish","has-post-thumbnail","hentry"],"_links":{"self":[{"href":"https:\/\/prx.ovh\/index.php\/wp-json\/wp\/v2\/pages\/20","targetHints":{"allow":["GET"]}}],"collection":[{"href":"https:\/\/prx.ovh\/index.php\/wp-json\/wp\/v2\/pages"}],"about":[{"href":"https:\/\/prx.ovh\/index.php\/wp-json\/wp\/v2\/types\/page"}],"author":[{"embeddable":true,"href":"https:\/\/prx.ovh\/index.php\/wp-json\/wp\/v2\/users\/1"}],"replies":[{"embeddable":true,"href":"https:\/\/prx.ovh\/index.php\/wp-json\/wp\/v2\/comments?post=20"}],"version-history":[{"count":3,"href":"https:\/\/prx.ovh\/index.php\/wp-json\/wp\/v2\/pages\/20\/revisions"}],"predecessor-version":[{"id":59,"href":"https:\/\/prx.ovh\/index.php\/wp-json\/wp\/v2\/pages\/20\/revisions\/59"}],"wp:featuredmedia":[{"embeddable":true,"href":"https:\/\/prx.ovh\/index.php\/wp-json\/wp\/v2\/media\/71"}],"wp:attachment":[{"href":"https:\/\/prx.ovh\/index.php\/wp-json\/wp\/v2\/media?parent=20"}],"curies":[{"name":"wp","href":"https:\/\/api.w.org\/{rel}","templated":true}]}}